[{"id":19442,"date":"2026-02-04T13:40:12","date_gmt":"2026-02-04T18:40:12","guid":{"rendered":"https:\/\/access.nyc.gov\/foire-aux-questions-exigences-du-programme-special-de-nutrition-supplementaire-supplemental-nutrition-assistance-program-snap-en-matiere-de-travail\/"},"modified":"2026-03-30T15:23:05","modified_gmt":"2026-03-30T19:23:05","slug":"foire-aux-questions-exigences-du-programme-special-de-nutrition-supplementaire-supplemental-nutrition-assistance-program-snap-en-matiere-de-travail","status":"publish","type":"page","link":"https:\/\/access.nyc.gov\/fr\/foire-aux-questions-exigences-du-programme-special-de-nutrition-supplementaire-supplemental-nutrition-assistance-program-snap-en-matiere-de-travail\/","title":{"rendered":"Foire aux questions&nbsp;: Exigences du programme sp\u00e9cial de nutrition suppl\u00e9mentaire (Supplemental Nutrition Assistance Program, SNAP) en mati\u00e8re de travail"},"content":{"rendered":"","protected":false},"excerpt":{"rendered":"","protected":false},"author":57,"featured_media":0,"parent":0,"menu_order":0,"comment_status":"closed","ping_status":"closed","template":"single-page-legacy.php","meta":{"_acf_changed":false,"_relevanssi_hide_post":"","_relevanssi_hide_content":"","_relevanssi_pin_for_all":"","_relevanssi_pin_keywords":"","_relevanssi_unpin_keywords":"","_relevanssi_related_keywords":"","_relevanssi_related_include_ids":"","_relevanssi_related_exclude_ids":"","_relevanssi_related_no_append":"","_relevanssi_related_not_related":"","_relevanssi_related_posts":"","_relevanssi_noindex_reason":"","footnotes":""},"class_list":["post-19442","page","type-page","status-publish","hentry"],"acf":[],"_links":{"self":[{"href":"https:\/\/access.nyc.gov\/fr\/wp-json\/wp\/v2\/pages\/19442","targetHints":{"allow":["GET"]}}],"collection":[{"href":"https:\/\/access.nyc.gov\/fr\/wp-json\/wp\/v2\/pages"}],"about":[{"href":"https:\/\/access.nyc.gov\/fr\/wp-json\/wp\/v2\/types\/page"}],"author":[{"embeddable":true,"href":"https:\/\/access.nyc.gov\/fr\/wp-json\/wp\/v2\/users\/57"}],"replies":[{"embeddable":true,"href":"https:\/\/access.nyc.gov\/fr\/wp-json\/wp\/v2\/comments?post=19442"}],"version-history":[{"count":0,"href":"https:\/\/access.nyc.gov\/fr\/wp-json\/wp\/v2\/pages\/19442\/revisions"}],"wp:attachment":[{"href":"https:\/\/access.nyc.gov\/fr\/wp-json\/wp\/v2\/media?parent=19442"}],"curies":[{"name":"wp","href":"https:\/\/api.w.org\/{rel}","templated":true}]}},{"id":15696,"date":"2020-04-06T17:14:23","date_gmt":"2020-04-06T21:14:23","guid":{"rendered":"http:\/\/access.nyc.gov\/eligibility\/results\/"},"modified":"2020-08-26T12:30:54","modified_gmt":"2020-08-26T16:30:54","slug":"results","status":"publish","type":"page","link":"https:\/\/access.nyc.gov\/fr\/eligibility\/results\/","title":{"rendered":"R\u00e9sultats de la proc\u00e9dure de pr\u00e9s\u00e9lection"},"content":{"rendered":"","protected":false},"excerpt":{"rendered":"","protected":false},"author":53,"featured_media":0,"parent":13072,"menu_order":0,"comment_status":"closed","ping_status":"closed","template":"screener-results.php","meta":{"_acf_changed":false,"_relevanssi_hide_post":"","_relevanssi_hide_content":"","_relevanssi_pin_for_all":"","_relevanssi_pin_keywords":"","_relevanssi_unpin_keywords":"","_relevanssi_related_keywords":"","_relevanssi_related_include_ids":"","_relevanssi_related_exclude_ids":"","_relevanssi_related_no_append":"","_relevanssi_related_not_related":"","_relevanssi_related_posts":"","_relevanssi_noindex_reason":"","footnotes":""},"class_list":["post-15696","page","type-page","status-publish","hentry"],"acf":[],"_links":{"self":[{"href":"https:\/\/access.nyc.gov\/fr\/wp-json\/wp\/v2\/pages\/15696","targetHints":{"allow":["GET"]}}],"collection":[{"href":"https:\/\/access.nyc.gov\/fr\/wp-json\/wp\/v2\/pages"}],"about":[{"href":"https:\/\/access.nyc.gov\/fr\/wp-json\/wp\/v2\/types\/page"}],"author":[{"embeddable":true,"href":"https:\/\/access.nyc.gov\/fr\/wp-json\/wp\/v2\/users\/53"}],"replies":[{"embeddable":true,"href":"https:\/\/access.nyc.gov\/fr\/wp-json\/wp\/v2\/comments?post=15696"}],"version-history":[{"count":0,"href":"https:\/\/access.nyc.gov\/fr\/wp-json\/wp\/v2\/pages\/15696\/revisions"}],"up":[{"embeddable":true,"href":"https:\/\/access.nyc.gov\/fr\/wp-json\/wp\/v2\/pages\/13072"}],"wp:attachment":[{"href":"https:\/\/access.nyc.gov\/fr\/wp-json\/wp\/v2\/media?parent=15696"}],"curies":[{"name":"wp","href":"https:\/\/api.w.org\/{rel}","templated":true}]}},{"id":14181,"date":"2018-06-21T14:03:11","date_gmt":"2018-06-21T18:03:11","guid":{"rendered":"http:\/\/access.nyc.gov\/about\/"},"modified":"2026-01-05T10:59:25","modified_gmt":"2026-01-05T15:59:25","slug":"about","status":"publish","type":"page","link":"https:\/\/access.nyc.gov\/fr\/about\/","title":{"rendered":"\u00c0 propos de"},"content":{"rendered":"","protected":false},"excerpt":{"rendered":"","protected":false},"author":40,"featured_media":0,"parent":0,"menu_order":0,"comment_status":"closed","ping_status":"closed","template":"single-page-legacy.php","meta":{"_acf_changed":false,"_relevanssi_hide_post":"","_relevanssi_hide_content":"","_relevanssi_pin_for_all":"","_relevanssi_pin_keywords":"","_relevanssi_unpin_keywords":"","_relevanssi_related_keywords":"","_relevanssi_related_include_ids":"","_relevanssi_related_exclude_ids":"","_relevanssi_related_no_append":"","_relevanssi_related_not_related":"","_relevanssi_related_posts":"","_relevanssi_noindex_reason":"","footnotes":""},"class_list":["post-14181","page","type-page","status-publish","hentry"],"acf":[],"_links":{"self":[{"href":"https:\/\/access.nyc.gov\/fr\/wp-json\/wp\/v2\/pages\/14181","targetHints":{"allow":["GET"]}}],"collection":[{"href":"https:\/\/access.nyc.gov\/fr\/wp-json\/wp\/v2\/pages"}],"about":[{"href":"https:\/\/access.nyc.gov\/fr\/wp-json\/wp\/v2\/types\/page"}],"author":[{"embeddable":true,"href":"https:\/\/access.nyc.gov\/fr\/wp-json\/wp\/v2\/users\/40"}],"replies":[{"embeddable":true,"href":"https:\/\/access.nyc.gov\/fr\/wp-json\/wp\/v2\/comments?post=14181"}],"version-history":[{"count":0,"href":"https:\/\/access.nyc.gov\/fr\/wp-json\/wp\/v2\/pages\/14181\/revisions"}],"wp:attachment":[{"href":"https:\/\/access.nyc.gov\/fr\/wp-json\/wp\/v2\/media?parent=14181"}],"curies":[{"name":"wp","href":"https:\/\/api.w.org\/{rel}","templated":true}]}},{"id":13073,"date":"2017-12-24T23:19:39","date_gmt":"2017-12-25T04:19:39","guid":{"rendered":"https:\/\/accessnyc.wpengine.com\/?page_id=13073"},"modified":"2019-06-20T16:05:40","modified_gmt":"2019-06-20T20:05:40","slug":"locations","status":"publish","type":"page","link":"https:\/\/access.nyc.gov\/fr\/locations\/","title":{"rendered":"Trouver de l\u2019aide \u00e0 proximit\u00e9"},"content":{"rendered":"","protected":false},"excerpt":{"rendered":"","protected":false},"author":53,"featured_media":0,"parent":0,"menu_order":0,"comment_status":"closed","ping_status":"closed","template":"archive-location.php","meta":{"_acf_changed":false,"_relevanssi_hide_post":"","_relevanssi_hide_content":"","_relevanssi_pin_for_all":"","_relevanssi_pin_keywords":"","_relevanssi_unpin_keywords":"","_relevanssi_related_keywords":"","_relevanssi_related_include_ids":"","_relevanssi_related_exclude_ids":"","_relevanssi_related_no_append":"","_relevanssi_related_not_related":"","_relevanssi_related_posts":"","_relevanssi_noindex_reason":"","footnotes":""},"class_list":["post-13073","page","type-page","status-publish","hentry"],"acf":[],"_links":{"self":[{"href":"https:\/\/access.nyc.gov\/fr\/wp-json\/wp\/v2\/pages\/13073","targetHints":{"allow":["GET"]}}],"collection":[{"href":"https:\/\/access.nyc.gov\/fr\/wp-json\/wp\/v2\/pages"}],"about":[{"href":"https:\/\/access.nyc.gov\/fr\/wp-json\/wp\/v2\/types\/page"}],"author":[{"embeddable":true,"href":"https:\/\/access.nyc.gov\/fr\/wp-json\/wp\/v2\/users\/53"}],"replies":[{"embeddable":true,"href":"https:\/\/access.nyc.gov\/fr\/wp-json\/wp\/v2\/comments?post=13073"}],"version-history":[{"count":0,"href":"https:\/\/access.nyc.gov\/fr\/wp-json\/wp\/v2\/pages\/13073\/revisions"}],"wp:attachment":[{"href":"https:\/\/access.nyc.gov\/fr\/wp-json\/wp\/v2\/media?parent=13073"}],"curies":[{"name":"wp","href":"https:\/\/api.w.org\/{rel}","templated":true}]}},{"id":13072,"date":"2017-12-24T12:18:35","date_gmt":"2017-12-24T17:18:35","guid":{"rendered":"https:\/\/accessnyc.wpengine.com\/?page_id=13072"},"modified":"2018-03-07T10:46:27","modified_gmt":"2018-03-07T15:46:27","slug":"eligibility","status":"publish","type":"page","link":"https:\/\/access.nyc.gov\/fr\/eligibility\/","title":{"rendered":"Eligibility Screener"},"content":{"rendered":"","protected":false},"excerpt":{"rendered":"","protected":false},"author":53,"featured_media":0,"parent":0,"menu_order":0,"comment_status":"closed","ping_status":"closed","template":"screener.php","meta":{"_acf_changed":false,"_relevanssi_hide_post":"","_relevanssi_hide_content":"","_relevanssi_pin_for_all":"","_relevanssi_pin_keywords":"","_relevanssi_unpin_keywords":"","_relevanssi_related_keywords":"","_relevanssi_related_include_ids":"","_relevanssi_related_exclude_ids":"","_relevanssi_related_no_append":"","_relevanssi_related_not_related":"","_relevanssi_related_posts":"","_relevanssi_noindex_reason":"","footnotes":""},"class_list":["post-13072","page","type-page","status-publish","hentry"],"acf":[],"_links":{"self":[{"href":"https:\/\/access.nyc.gov\/fr\/wp-json\/wp\/v2\/pages\/13072","targetHints":{"allow":["GET"]}}],"collection":[{"href":"https:\/\/access.nyc.gov\/fr\/wp-json\/wp\/v2\/pages"}],"about":[{"href":"https:\/\/access.nyc.gov\/fr\/wp-json\/wp\/v2\/types\/page"}],"author":[{"embeddable":true,"href":"https:\/\/access.nyc.gov\/fr\/wp-json\/wp\/v2\/users\/53"}],"replies":[{"embeddable":true,"href":"https:\/\/access.nyc.gov\/fr\/wp-json\/wp\/v2\/comments?post=13072"}],"version-history":[{"count":0,"href":"https:\/\/access.nyc.gov\/fr\/wp-json\/wp\/v2\/pages\/13072\/revisions"}],"wp:attachment":[{"href":"https:\/\/access.nyc.gov\/fr\/wp-json\/wp\/v2\/media?parent=13072"}],"curies":[{"name":"wp","href":"https:\/\/api.w.org\/{rel}","templated":true}]}}]